{"id":262,"date":"2024-07-01T05:29:55","date_gmt":"2024-07-01T05:29:55","guid":{"rendered":"http:\/\/audalaxy.tomrott-design.de\/?page_id=262"},"modified":"2025-01-07T17:01:21","modified_gmt":"2025-01-07T17:01:21","slug":"training","status":"publish","type":"page","link":"https:\/\/audalaxy.com\/en\/training","title":{"rendered":"Training"},"content":{"rendered":"","protected":false},"excerpt":{"rendered":"","protected":false},"author":1,"featured_media":0,"parent":0,"menu_order":0,"comment_status":"closed","ping_status":"closed","template":"","meta":{"footnotes":""},"class_list":["post-262","page","type-page","status-publish","hentry"],"yoast_head":"<!-- This site is optimized with the Yoast SEO plugin v24.8.1 - https:\/\/yoast.com\/wordpress\/plugins\/seo\/ -->\n<title>Training - Audalaxy<\/title>\n<meta name=\"description\" content=\"Die Audalaxy-L\u00f6sungen sind die technische Basis f\u00fcr Organisationen und tragen eine gro\u00dfe Verantwortung. Es ist wichtig, dass sie korrekt und sicher genutzt werden. Lernen Sie die M\u00f6glichkeiten und den Umgang in Public- und Private Trainings.\" \/>\n<meta name=\"robots\" content=\"index, follow, max-snippet:-1, max-image-preview:large, max-video-preview:-1\" \/>\n<link rel=\"canonical\" href=\"https:\/\/audalaxy.com\/en\/training\" \/>\n<meta property=\"og:locale\" content=\"en_US\" \/>\n<meta property=\"og:type\" content=\"article\" \/>\n<meta property=\"og:title\" content=\"Training\" \/>\n<meta property=\"og:description\" content=\"Add a description for facebook\" \/>\n<meta property=\"og:url\" content=\"https:\/\/audalaxy.com\/en\/training\" \/>\n<meta property=\"og:site_name\" content=\"AUDALAXY\" \/>\n<meta property=\"article:modified_time\" content=\"2025-01-07T17:01:21+00:00\" \/>\n<meta name=\"twitter:card\" content=\"summary_large_image\" \/>\n<meta name=\"twitter:title\" content=\"Training\" \/>\n<meta name=\"twitter:description\" content=\"Add a description for twitter\" \/>\n<script type=\"application\/ld+json\" class=\"yoast-schema-graph\">{\"@context\":\"https:\/\/schema.org\",\"@graph\":[{\"@type\":\"WebPage\",\"@id\":\"https:\/\/audalaxy.com\/training\",\"url\":\"https:\/\/audalaxy.com\/training\",\"name\":\"Training - Audalaxy\",\"isPartOf\":{\"@id\":\"https:\/\/audalaxy.com\/#website\"},\"datePublished\":\"2024-07-01T05:29:55+00:00\",\"dateModified\":\"2025-01-07T17:01:21+00:00\",\"description\":\"Die Audalaxy-L\u00f6sungen sind die technische Basis f\u00fcr Organisationen und tragen eine gro\u00dfe Verantwortung. Es ist wichtig, dass sie korrekt und sicher genutzt werden. Lernen Sie die M\u00f6glichkeiten und den Umgang in Public- und Private Trainings.\",\"breadcrumb\":{\"@id\":\"https:\/\/audalaxy.com\/training#breadcrumb\"},\"inLanguage\":\"en-US\",\"potentialAction\":[{\"@type\":\"ReadAction\",\"target\":[\"https:\/\/audalaxy.com\/training\"]}]},{\"@type\":\"BreadcrumbList\",\"@id\":\"https:\/\/audalaxy.com\/training#breadcrumb\",\"itemListElement\":[{\"@type\":\"ListItem\",\"position\":1,\"name\":\"Startseite\",\"item\":\"https:\/\/audalaxy.com\/\"},{\"@type\":\"ListItem\",\"position\":2,\"name\":\"Training\"}]},{\"@type\":\"WebSite\",\"@id\":\"https:\/\/audalaxy.com\/#website\",\"url\":\"https:\/\/audalaxy.com\/\",\"name\":\"AUDALAXY\",\"description\":\"Simplify your digital audio and data\",\"publisher\":{\"@id\":\"https:\/\/audalaxy.com\/#organization\"},\"potentialAction\":[{\"@type\":\"SearchAction\",\"target\":{\"@type\":\"EntryPoint\",\"urlTemplate\":\"https:\/\/audalaxy.com\/?s={search_term_string}\"},\"query-input\":{\"@type\":\"PropertyValueSpecification\",\"valueRequired\":true,\"valueName\":\"search_term_string\"}}],\"inLanguage\":\"en-US\"},{\"@type\":\"Organization\",\"@id\":\"https:\/\/audalaxy.com\/#organization\",\"name\":\"AUDALAXY GmbH\",\"url\":\"https:\/\/audalaxy.com\/\",\"logo\":{\"@type\":\"ImageObject\",\"inLanguage\":\"en-US\",\"@id\":\"https:\/\/audalaxy.com\/#\/schema\/logo\/image\/\",\"url\":\"https:\/\/audalaxy.com\/wp-content\/uploads\/2025\/02\/AUD_Logo_White_RGB-640-black-back.png\",\"contentUrl\":\"https:\/\/audalaxy.com\/wp-content\/uploads\/2025\/02\/AUD_Logo_White_RGB-640-black-back.png\",\"width\":640,\"height\":155,\"caption\":\"AUDALAXY GmbH\"},\"image\":{\"@id\":\"https:\/\/audalaxy.com\/#\/schema\/logo\/image\/\"},\"sameAs\":[\"https:\/\/linkedin.com\/company\/audalaxy\"]}]}<\/script>\n<!-- \/ Yoast SEO plugin. -->","yoast_head_json":{"title":"Training - Audalaxy","description":"Die Audalaxy-L\u00f6sungen sind die technische Basis f\u00fcr Organisationen und tragen eine gro\u00dfe Verantwortung. Es ist wichtig, dass sie korrekt und sicher genutzt werden. Lernen Sie die M\u00f6glichkeiten und den Umgang in Public- und Private Trainings.","robots":{"index":"index","follow":"follow","max-snippet":"max-snippet:-1","max-image-preview":"max-image-preview:large","max-video-preview":"max-video-preview:-1"},"canonical":"https:\/\/audalaxy.com\/en\/training","og_locale":"en_US","og_type":"article","og_title":"Training","og_description":"Add a description for facebook","og_url":"https:\/\/audalaxy.com\/en\/training","og_site_name":"AUDALAXY","article_modified_time":"2025-01-07T17:01:21+00:00","twitter_card":"summary_large_image","twitter_title":"Training","twitter_description":"Add a description for twitter","schema":{"@context":"https:\/\/schema.org","@graph":[{"@type":"WebPage","@id":"https:\/\/audalaxy.com\/training","url":"https:\/\/audalaxy.com\/training","name":"Training - Audalaxy","isPartOf":{"@id":"https:\/\/audalaxy.com\/#website"},"datePublished":"2024-07-01T05:29:55+00:00","dateModified":"2025-01-07T17:01:21+00:00","description":"Die Audalaxy-L\u00f6sungen sind die technische Basis f\u00fcr Organisationen und tragen eine gro\u00dfe Verantwortung. Es ist wichtig, dass sie korrekt und sicher genutzt werden. Lernen Sie die M\u00f6glichkeiten und den Umgang in Public- und Private Trainings.","breadcrumb":{"@id":"https:\/\/audalaxy.com\/training#breadcrumb"},"inLanguage":"en-US","potentialAction":[{"@type":"ReadAction","target":["https:\/\/audalaxy.com\/training"]}]},{"@type":"BreadcrumbList","@id":"https:\/\/audalaxy.com\/training#breadcrumb","itemListElement":[{"@type":"ListItem","position":1,"name":"Startseite","item":"https:\/\/audalaxy.com\/"},{"@type":"ListItem","position":2,"name":"Training"}]},{"@type":"WebSite","@id":"https:\/\/audalaxy.com\/#website","url":"https:\/\/audalaxy.com\/","name":"AUDALAXY","description":"Simplify your digital audio and data","publisher":{"@id":"https:\/\/audalaxy.com\/#organization"},"potentialAction":[{"@type":"SearchAction","target":{"@type":"EntryPoint","urlTemplate":"https:\/\/audalaxy.com\/?s={search_term_string}"},"query-input":{"@type":"PropertyValueSpecification","valueRequired":true,"valueName":"search_term_string"}}],"inLanguage":"en-US"},{"@type":"Organization","@id":"https:\/\/audalaxy.com\/#organization","name":"AUDALAXY GmbH","url":"https:\/\/audalaxy.com\/","logo":{"@type":"ImageObject","inLanguage":"en-US","@id":"https:\/\/audalaxy.com\/#\/schema\/logo\/image\/","url":"https:\/\/audalaxy.com\/wp-content\/uploads\/2025\/02\/AUD_Logo_White_RGB-640-black-back.png","contentUrl":"https:\/\/audalaxy.com\/wp-content\/uploads\/2025\/02\/AUD_Logo_White_RGB-640-black-back.png","width":640,"height":155,"caption":"AUDALAXY GmbH"},"image":{"@id":"https:\/\/audalaxy.com\/#\/schema\/logo\/image\/"},"sameAs":["https:\/\/linkedin.com\/company\/audalaxy"]}]}},"_links":{"self":[{"href":"https:\/\/audalaxy.com\/en\/wp-json\/wp\/v2\/pages\/262","targetHints":{"allow":["GET"]}}],"collection":[{"href":"https:\/\/audalaxy.com\/en\/wp-json\/wp\/v2\/pages"}],"about":[{"href":"https:\/\/audalaxy.com\/en\/wp-json\/wp\/v2\/types\/page"}],"author":[{"embeddable":true,"href":"https:\/\/audalaxy.com\/en\/wp-json\/wp\/v2\/users\/1"}],"replies":[{"embeddable":true,"href":"https:\/\/audalaxy.com\/en\/wp-json\/wp\/v2\/comments?post=262"}],"version-history":[{"count":2,"href":"https:\/\/audalaxy.com\/en\/wp-json\/wp\/v2\/pages\/262\/revisions"}],"predecessor-version":[{"id":297,"href":"https:\/\/audalaxy.com\/en\/wp-json\/wp\/v2\/pages\/262\/revisions\/297"}],"wp:attachment":[{"href":"https:\/\/audalaxy.com\/en\/wp-json\/wp\/v2\/media?parent=262"}],"curies":[{"name":"wp","href":"https:\/\/api.w.org\/{rel}","templated":true}]}}